{"id":57,"date":"2010-10-21T09:09:45","date_gmt":"2010-10-21T09:09:45","guid":{"rendered":"http:\/\/www.tanja-pahrmann.de\/cms\/?page_id=57"},"modified":"2016-10-25T13:22:20","modified_gmt":"2016-10-25T13:22:20","slug":"vita","status":"publish","type":"page","link":"https:\/\/www.tanja-pahrmann.de\/cms\/vita\/","title":{"rendered":"Vita"},"content":{"rendered":"<p>Tanja Pahrmann, geboren in Bremen und aufgewachsen im sch\u00f6nen Niedersachsen an der Grenze zu Hamburg.<br \/>\n Meine musikalische Bildung begann mit 6 Jahren im Fl\u00f6tenchor und steigerte sich dann recht schnell \u00fcber Klavier bis hin zum\u00a0 Gesang. Der Gesang wurde zu meiner Dom\u00e4ne und ich habe recht fr\u00fch meine ersten \u00f6ffentlichen Auftritte absolviert. Mit 21 lernte ich in einem Hamburger Tonstudio den Musikproduzenten Nana &#8222;The Darkman&#8220; kennen und begann meine ersten eigenen professionellen Projekte.<\/p>\n<p>Mit fortschreitender Erfahrung begann ich in verschiedenen Bands als Lead,- und Chors\u00e4ngerin zu arbeiten.<\/p>\n<p>Heute bin ich Mitglied verschiedener Bands, vorrangig bei der Ralf Dree\u00dfen Band und als\u00a0 Solos\u00e4ngerin t\u00e4tig.<\/p>\n<p>Auszug Referenzen:<\/p>\n<p>&#8211; NANA (Tanja P.)<br \/>\n &#8211; Rio the Voice of Elvis<br \/>\n &#8211; Oliver Steinhoff (Elvis-Imitator)<br \/>\n &#8211; Jim Brown + Imperials (Original Elvis M\u00e4nnerchor)<br \/>\n &#8211; TMF (Tischermen\u00b4s friend) f\u00fcr Harley Davidson<br \/>\n &#8211; Musikprojekt &#8222;taya&#8220; f\u00fcr Emi Music Publishing<br \/>\n &#8211; Gesangssolistin &#8222;Die Herrin vom See&#8220; in der Rocksinfonie &#8220; Der Gral&#8220;<br \/>\n &#8211; Rolf Stahlhofen &#8222;S\u00f6hne Mannheims&#8220;<br \/>\n &#8211; Mickey Krause<br \/>\n &#8211; Harpo<br \/>\n &#8211; Mark Keller<br \/>\n &#8211; Michael Holm<br \/>\n &#8211; Michael Heck<br \/>\n &#8211; Studios\u00e4ngerin<br \/>\n &#8211; Santiano (S\u00e4ngerin der Vorband)<\/p>\n<p>Auszug Veranstaltungen:<\/p>\n<p>&#8211; NDR 90,3 Hafengeburtstag Hamburg 2013\/14<br \/>\n &#8211; NDR 90,3 Hamburg Cruise Days 2014<br \/>\n &#8211; Reiterb\u00e4lle Holstenhallen Neum\u00fcnster<br \/>\n &#8211; Elvis Festivals Bad Nauheim 2013\/14<br \/>\n &#8211; Fischauktionshalle Hamburg<br \/>\n &#8211; Hotels Maritim, Mariott, Elyse\u00e9 etc.<br \/>\n &#8211; verschiedene Landesgartenschauen<br \/>\n &#8211; Monaco Elvis Festival<br \/>\n &#8211; Ballads and Blues Fulda<br \/>\n &#8211; Hamburger Dom<br \/>\n &#8211; Alstervergn\u00fcgen <br \/>\n &#8211; Harley Davidson Festivals Mallorca<br \/>\n &#8211; 850 Jahrfeier Schwerin<br \/>\n &#8211; Stadt,- und Strassenfeste, Festivals und Firmenveranstaltungen aller Art in ganz Deutschland<br \/>\n &#8211; Stenaline &#8222;Farewell Partys&#8220;<br \/>\n &#8211; Nobiskrug GmbH<br \/>\n &#8211; Getreide AG Rendsburg<\/p>\n<p>Bands:<\/p>\n<p>Ralf Dree\u00dfen Band, Tanja &amp; Chris (Take Two)<\/p>\n<p><br class=\"spacer_\" \/><\/p>\n","protected":false},"excerpt":{"rendered":"<p>Tanja Pahrmann, geboren in Bremen und aufgewachsen im sch\u00f6nen Niedersachsen an der Grenze zu Hamburg. Meine musikalische Bildung begann mit 6 Jahren im Fl\u00f6tenchor und steigerte sich dann recht schnell \u00fcber Klavier bis hin zum\u00a0 Gesang. Der Gesang wurde zu meiner Dom\u00e4ne und ich habe recht fr\u00fch meine ersten \u00f6ffentlichen Auftritte absolviert. Mit 21 lernte ich in einem Hamburger Tonstudio den Musikproduzenten Nana &#8222;The Darkman&#8220; kennen und begann meine ersten eigenen professionellen Projekte. Mit fortschreitender Erfahrung begann ich in verschiedenen Bands als Lead,- und Chors\u00e4ngerin zu arbeiten. Heute bin ich Mitglied verschiedener Bands, vorrangig bei der Ralf Dree\u00dfen Band und als\u00a0 Solos\u00e4ngerin t\u00e4tig. Auszug Referenzen: &#8211; NANA (Tanja P.) &#8211; Rio the Voice of Elvis &#8211; Oliver Steinhoff (Elvis-Imitator) &#8211; Jim Brown + Imperials (Original Elvis M\u00e4nnerchor) &#8211; TMF (Tischermen\u00b4s friend) f\u00fcr Harley Davidson &#8211; Musikprojekt &#8222;taya&#8220; f\u00fcr Emi Music Publishing &#8211; Gesangssolistin &#8222;Die Herrin vom See&#8220; in der Rocksinfonie &#8220; Der Gral&#8220; &#8211; Rolf Stahlhofen &#8222;S\u00f6hne Mannheims&#8220; &#8211; Mickey Krause &#8211; Harpo &#8211; Mark Keller &#8211; Michael Holm &#8211; Michael Heck &#8211; Studios\u00e4ngerin &#8211; Santiano (S\u00e4ngerin der Vorband) Auszug Veranstaltungen: &#8211; NDR 90,3 Hafengeburtstag Hamburg 2013\/14 &#8211; NDR 90,3 Hamburg Cruise Days 2014 &#8211; Reiterb\u00e4lle Holstenhallen Neum\u00fcnster &#8211; Elvis Festivals Bad Nauheim 2013\/14 &#8211; Fischauktionshalle Hamburg &#8211; Hotels Maritim, Mariott, Elyse\u00e9 etc. &#8211; verschiedene Landesgartenschauen &#8211; Monaco Elvis Festival &#8211; Ballads and Blues Fulda &#8211; Hamburger Dom &#8211; Alstervergn\u00fcgen &#8211; Harley Davidson Festivals Mallorca &#8211; 850 Jahrfeier Schwerin &#8211; Stadt,- und Strassenfeste, Festivals und Firmenveranstaltungen aller Art in ganz Deutschland &#8211; Stenaline &#8222;Farewell Partys&#8220; &#8211; Nobiskrug GmbH &#8211; Getreide AG Rendsburg Bands: Ralf Dree\u00dfen Band, Tanja &amp; Chris (Take Two)<\/p>\n","protected":false},"author":1,"featured_media":0,"parent":0,"menu_order":0,"comment_status":"open","ping_status":"open","template":"","meta":{"footnotes":""},"class_list":["post-57","page","type-page","status-publish","hentry"],"_links":{"self":[{"href":"https:\/\/www.tanja-pahrmann.de\/cms\/wp-json\/wp\/v2\/pages\/57","targetHints":{"allow":["GET"]}}],"collection":[{"href":"https:\/\/www.tanja-pahrmann.de\/cms\/wp-json\/wp\/v2\/pages"}],"about":[{"href":"https:\/\/www.tanja-pahrmann.de\/cms\/wp-json\/wp\/v2\/types\/page"}],"author":[{"embeddable":true,"href":"https:\/\/www.tanja-pahrmann.de\/cms\/wp-json\/wp\/v2\/users\/1"}],"replies":[{"embeddable":true,"href":"https:\/\/www.tanja-pahrmann.de\/cms\/wp-json\/wp\/v2\/comments?post=57"}],"version-history":[{"count":28,"href":"https:\/\/www.tanja-pahrmann.de\/cms\/wp-json\/wp\/v2\/pages\/57\/revisions"}],"predecessor-version":[{"id":138,"href":"https:\/\/www.tanja-pahrmann.de\/cms\/wp-json\/wp\/v2\/pages\/57\/revisions\/138"}],"wp:attachment":[{"href":"https:\/\/www.tanja-pahrmann.de\/cms\/wp-json\/wp\/v2\/media?parent=57"}],"curies":[{"name":"wp","href":"https:\/\/api.w.org\/{rel}","templated":true}]}}